{"id":341,"date":"2024-05-23T12:54:47","date_gmt":"2024-05-23T16:54:47","guid":{"rendered":"https:\/\/steadele.swlauriersb.vortexdev.com\/educational-project\/"},"modified":"2024-05-30T10:37:33","modified_gmt":"2024-05-30T14:37:33","slug":"projet-educatif","status":"publish","type":"page","link":"https:\/\/steadele.swlauriersb.vortexdev.com\/fr\/notre-ecole-a-propos\/projet-educatif\/","title":{"rendered":"Projet \u00e9ducatif"},"content":{"rendered":"\n<p>Le projet \u00e9ducatif est un outil strat\u00e9gique gr\u00e2ce auquel l\u2019\u00e9cole primaire de Ste-Ad\u00e8le a d\u00e9fini ses orientations politiques, ses actions prioritaires et les r\u00e9sultats attendus pour informer sa communaut\u00e9 \u00e0 cet \u00e9gard, en vue d\u2019assurer la r\u00e9ussite scolaire de tous les \u00e9l\u00e8ves, quel que soit leur \u00e2ge.&nbsp; Ce projet \u00e9ducatif refl\u00e8te les caract\u00e9ristiques et les besoins des \u00e9l\u00e8ves qui fr\u00e9quentent l\u2019\u00e9cole primaire Ste Adele, ainsi que les attentes de la communaut\u00e9 en mati\u00e8re d\u2019\u00e9ducation.<\/p>\n","protected":false},"excerpt":{"rendered":"<p>Le projet \u00e9ducatif est un outil strat\u00e9gique gr\u00e2ce auquel l\u2019\u00e9cole primaire de Ste-Ad\u00e8le a d\u00e9fini ses orientations politiques, ses actions prioritaires et les r\u00e9sultats attendus pour informer sa communaut\u00e9 \u00e0 cet \u00e9gard, en vue d\u2019assurer la r\u00e9ussite scolaire de tous les \u00e9l\u00e8ves, quel que soit leur \u00e2ge.&nbsp; Ce projet \u00e9ducatif refl\u00e8te les caract\u00e9ristiques et les&hellip;<\/p>\n","protected":false},"author":1,"featured_media":0,"parent":178,"menu_order":0,"comment_status":"closed","ping_status":"closed","template":"","meta":{"_acf_changed":false,"_relevanssi_hide_post":"","_relevanssi_hide_content":"","_relevanssi_pin_for_all":"","_relevanssi_pin_keywords":"","_relevanssi_unpin_keywords":"","_relevanssi_related_keywords":"","_relevanssi_related_include_ids":"","_relevanssi_related_exclude_ids":"","_relevanssi_related_no_append":"","_relevanssi_related_not_related":"","_relevanssi_related_posts":"","_relevanssi_noindex_reason":"","footnotes":""},"acf":[],"_links":{"self":[{"href":"https:\/\/steadele.swlauriersb.vortexdev.com\/fr\/wp-json\/wp\/v2\/pages\/341"}],"collection":[{"href":"https:\/\/steadele.swlauriersb.vortexdev.com\/fr\/wp-json\/wp\/v2\/pages"}],"about":[{"href":"https:\/\/steadele.swlauriersb.vortexdev.com\/fr\/wp-json\/wp\/v2\/types\/page"}],"author":[{"embeddable":true,"href":"https:\/\/steadele.swlauriersb.vortexdev.com\/fr\/wp-json\/wp\/v2\/users\/1"}],"replies":[{"embeddable":true,"href":"https:\/\/steadele.swlauriersb.vortexdev.com\/fr\/wp-json\/wp\/v2\/comments?post=341"}],"version-history":[{"count":2,"href":"https:\/\/steadele.swlauriersb.vortexdev.com\/fr\/wp-json\/wp\/v2\/pages\/341\/revisions"}],"predecessor-version":[{"id":363,"href":"https:\/\/steadele.swlauriersb.vortexdev.com\/fr\/wp-json\/wp\/v2\/pages\/341\/revisions\/363"}],"up":[{"embeddable":true,"href":"https:\/\/steadele.swlauriersb.vortexdev.com\/fr\/wp-json\/wp\/v2\/pages\/178"}],"wp:attachment":[{"href":"https:\/\/steadele.swlauriersb.vortexdev.com\/fr\/wp-json\/wp\/v2\/media?parent=341"}],"curies":[{"name":"wp","href":"https:\/\/api.w.org\/{rel}","templated":true}]}}