{"id":177,"date":"2024-05-08T14:21:24","date_gmt":"2024-05-08T18:21:24","guid":{"rendered":"https:\/\/steadele.swlauriersb.vortexdev.com\/principals-message\/"},"modified":"2024-05-30T10:37:23","modified_gmt":"2024-05-30T14:37:23","slug":"message-de-la-direction","status":"publish","type":"page","link":"https:\/\/steadele.swlauriersb.vortexdev.com\/fr\/notre-ecole-a-propos\/message-de-la-direction\/","title":{"rendered":"Message de la direction"},"content":{"rendered":"\n<p>Ch\u00e8re communaut\u00e9 de l\u2019\u00e9cole primaire de Ste-Ad\u00e8le,<\/p>\n\n\n\n<p>C\u2019est avec grand plaisir et fiert\u00e9 que je vous souhaite la bienvenue dans notre communaut\u00e9 scolaire dynamique. Chez SAES, nous croyons au pouvoir transformateur de l\u2019\u00e9ducation et notre engagement \u00e0 fournir un environnement stimulant \u00e0 nos \u00e9l\u00e8ves est in\u00e9branlable.<\/p>\n\n\n\n<p>Dans notre petite \u00e9cole, nous c\u00e9l\u00e9brons l\u2019id\u00e9e que la taille est importante, car elle nous permet de cr\u00e9er une communaut\u00e9 soud\u00e9e o\u00f9 chaque \u00e9l\u00e8ve est reconnu, valoris\u00e9 et soutenu dans son parcours \u00e9ducatif unique. Nous croyons fermement que dans ce cadre intime, chaque \u00e9l\u00e0ve a la possibilit\u00e9 de faire une grande diff\u00e9rence dans sa propre vie.<\/p>\n\n\n\n<p>Notre personnel extraordinaire est le c\u0153ur de SAES, d\u00e9di\u00e9 \u00e0 favoriser un environnement o\u00f9 les \u00e9l\u00e8ves peuvent s\u2019\u00e9panouir et r\u00e9aliser leur plein potentiel. En mettant l\u2019accent sur une attention personnalis\u00e9e et un engagement envers l\u2019excellence acad\u00e9mique, nos \u00e9ducateurs sont passionn\u00e9s \u00e0 guider chaque \u00e9l\u00e8ve vers la r\u00e9ussite.<\/p>\n\n\n\n<p>Alors que nous entamons une autre ann\u00e9e scolaire, je vous invite \u00e0 explorer la myriade de possibilit\u00e9s que l\u2019\u00e9cole primaire de Sainte-Ad\u00e0le offre pour la croissance, l\u2019apprentissage et l\u2019engagement communautaire. Ensemble, ayons un impact durable sur la vie de nos \u00e9l\u00e8ves et donnons-leur les moyens d\u2019atteindre de nouveaux sommets.<\/p>\n\n\n\n<p>Voici une ann\u00e9e remplie de d\u00e9couvertes, de r\u00e9alisations et de la conviction que dans notre petite \u00e9cole, chaque \u00e9l\u00e8ve peut faire une grande diff\u00e9rence.<\/p>\n\n\n\n<p>Cordialement,<\/p>\n\n\n\n<p><strong>Luc G\u00e9linas<\/strong><br>Directeur, \u00c9cole primaire Ste-Ad\u00e8le<\/p>\n","protected":false},"excerpt":{"rendered":"<p>Ch\u00e8re communaut\u00e9 de l\u2019\u00e9cole primaire de Ste-Ad\u00e8le, C\u2019est avec grand plaisir et fiert\u00e9 que je vous souhaite la bienvenue dans notre communaut\u00e9 scolaire dynamique. Chez SAES, nous croyons au pouvoir transformateur de l\u2019\u00e9ducation et notre engagement \u00e0 fournir un environnement stimulant \u00e0 nos \u00e9l\u00e8ves est in\u00e9branlable. Dans notre petite \u00e9cole, nous c\u00e9l\u00e9brons l\u2019id\u00e9e que la&hellip;<\/p>\n","protected":false},"author":1,"featured_media":0,"parent":178,"menu_order":0,"comment_status":"closed","ping_status":"closed","template":"","meta":{"_acf_changed":false,"_relevanssi_hide_post":"","_relevanssi_hide_content":"","_relevanssi_pin_for_all":"","_relevanssi_pin_keywords":"","_relevanssi_unpin_keywords":"","_relevanssi_related_keywords":"","_relevanssi_related_include_ids":"","_relevanssi_related_exclude_ids":"","_relevanssi_related_no_append":"","_relevanssi_related_not_related":"","_relevanssi_related_posts":"","_relevanssi_noindex_reason":"","footnotes":""},"acf":[],"_links":{"self":[{"href":"https:\/\/steadele.swlauriersb.vortexdev.com\/fr\/wp-json\/wp\/v2\/pages\/177"}],"collection":[{"href":"https:\/\/steadele.swlauriersb.vortexdev.com\/fr\/wp-json\/wp\/v2\/pages"}],"about":[{"href":"https:\/\/steadele.swlauriersb.vortexdev.com\/fr\/wp-json\/wp\/v2\/types\/page"}],"author":[{"embeddable":true,"href":"https:\/\/steadele.swlauriersb.vortexdev.com\/fr\/wp-json\/wp\/v2\/users\/1"}],"replies":[{"embeddable":true,"href":"https:\/\/steadele.swlauriersb.vortexdev.com\/fr\/wp-json\/wp\/v2\/comments?post=177"}],"version-history":[{"count":2,"href":"https:\/\/steadele.swlauriersb.vortexdev.com\/fr\/wp-json\/wp\/v2\/pages\/177\/revisions"}],"predecessor-version":[{"id":364,"href":"https:\/\/steadele.swlauriersb.vortexdev.com\/fr\/wp-json\/wp\/v2\/pages\/177\/revisions\/364"}],"up":[{"embeddable":true,"href":"https:\/\/steadele.swlauriersb.vortexdev.com\/fr\/wp-json\/wp\/v2\/pages\/178"}],"wp:attachment":[{"href":"https:\/\/steadele.swlauriersb.vortexdev.com\/fr\/wp-json\/wp\/v2\/media?parent=177"}],"curies":[{"name":"wp","href":"https:\/\/api.w.org\/{rel}","templated":true}]}}