{"id":171,"date":"2024-05-08T14:27:26","date_gmt":"2024-05-08T18:27:26","guid":{"rendered":"https:\/\/steadele.swlauriersb.vortexdev.com\/ppo-home-school\/"},"modified":"2024-05-30T10:36:17","modified_gmt":"2024-05-30T14:36:17","slug":"opp-organisme-de-participation-des-parents","status":"publish","type":"page","link":"https:\/\/steadele.swlauriersb.vortexdev.com\/fr\/informations-pour-les-parents\/opp-organisme-de-participation-des-parents\/","title":{"rendered":"OPP \/ Organisme de participation des parents"},"content":{"rendered":"\n<p>Le comit\u00e9 des parents est toujours impliqu\u00e9 dans les collectes de fonds ainsi que la promotion de notre communaut\u00e9 scolaire.<\/p>\n\n\n\n<h2 class=\"wp-block-heading\">Pour l\u2019ann\u00e9e scolaire 2023-2024, notre OPP\u00a0:<\/h2>\n\n\n\n<p>Copr\u00e9sidente de l\u2019OPP- Kathy Trakakis<\/p>\n\n\n\n<p>Copr\u00e9sident de l\u2019OPP- Jaime Kalpakis<\/p>\n\n\n\n<h2 class=\"wp-block-heading\">Membres<\/h2>\n\n\n\n<ul>\n<li>Filomena Persechino<\/li>\n\n\n\n<li>St\u00e9phanie Belcourt<\/li>\n\n\n\n<li>Sarah C\u00f4t\u00e9<\/li>\n\n\n\n<li>Sabrina L\u00e9vesque<\/li>\n\n\n\n<li>Anouk Legris<\/li>\n\n\n\n<li>Caroline Mera<\/li>\n\n\n\n<li>Claudia Goyette<\/li>\n\n\n\n<li>Desir\u00e9e DeWilde<\/li>\n\n\n\n<li>Marie-Jos\u00e9e Sigouin<\/li>\n\n\n\n<li>Eric Th\u00e9or\u00eat<\/li>\n\n\n\n<li>Jessie Boucher<\/li>\n\n\n\n<li>Myl\u00e8ne Melan\u00e7on<\/li>\n\n\n\n<li>Hayley Juhl<\/li>\n\n\n\n<li>Catherine Brunelle<\/li>\n\n\n\n<li>Nadine Campbell<\/li>\n\n\n\n<li>Marie-Eve L\u00e9gar\u00e9 Alex Boivin<\/li>\n<\/ul>\n","protected":false},"excerpt":{"rendered":"<p>Le comit\u00e9 des parents est toujours impliqu\u00e9 dans les collectes de fonds ainsi que la promotion de notre communaut\u00e9 scolaire. Pour l\u2019ann\u00e9e scolaire 2023-2024, notre OPP\u00a0: Copr\u00e9sidente de l\u2019OPP- Kathy Trakakis Copr\u00e9sident de l\u2019OPP- Jaime Kalpakis Membres<\/p>\n","protected":false},"author":1,"featured_media":0,"parent":174,"menu_order":0,"comment_status":"closed","ping_status":"closed","template":"","meta":{"_acf_changed":false,"_relevanssi_hide_post":"","_relevanssi_hide_content":"","_relevanssi_pin_for_all":"","_relevanssi_pin_keywords":"","_relevanssi_unpin_keywords":"","_relevanssi_related_keywords":"","_relevanssi_related_include_ids":"","_relevanssi_related_exclude_ids":"","_relevanssi_related_no_append":"","_relevanssi_related_not_related":"","_relevanssi_related_posts":"","_relevanssi_noindex_reason":"","footnotes":""},"acf":[],"_links":{"self":[{"href":"https:\/\/steadele.swlauriersb.vortexdev.com\/fr\/wp-json\/wp\/v2\/pages\/171"}],"collection":[{"href":"https:\/\/steadele.swlauriersb.vortexdev.com\/fr\/wp-json\/wp\/v2\/pages"}],"about":[{"href":"https:\/\/steadele.swlauriersb.vortexdev.com\/fr\/wp-json\/wp\/v2\/types\/page"}],"author":[{"embeddable":true,"href":"https:\/\/steadele.swlauriersb.vortexdev.com\/fr\/wp-json\/wp\/v2\/users\/1"}],"replies":[{"embeddable":true,"href":"https:\/\/steadele.swlauriersb.vortexdev.com\/fr\/wp-json\/wp\/v2\/comments?post=171"}],"version-history":[{"count":2,"href":"https:\/\/steadele.swlauriersb.vortexdev.com\/fr\/wp-json\/wp\/v2\/pages\/171\/revisions"}],"predecessor-version":[{"id":378,"href":"https:\/\/steadele.swlauriersb.vortexdev.com\/fr\/wp-json\/wp\/v2\/pages\/171\/revisions\/378"}],"up":[{"embeddable":true,"href":"https:\/\/steadele.swlauriersb.vortexdev.com\/fr\/wp-json\/wp\/v2\/pages\/174"}],"wp:attachment":[{"href":"https:\/\/steadele.swlauriersb.vortexdev.com\/fr\/wp-json\/wp\/v2\/media?parent=171"}],"curies":[{"name":"wp","href":"https:\/\/api.w.org\/{rel}","templated":true}]}}