{"id":168,"date":"2024-05-08T14:28:33","date_gmt":"2024-05-08T18:28:33","guid":{"rendered":"https:\/\/steadele.swlauriersb.vortexdev.com\/gb\/"},"modified":"2024-05-30T10:35:58","modified_gmt":"2024-05-30T14:35:58","slug":"conseil-detablissement","status":"publish","type":"page","link":"https:\/\/steadele.swlauriersb.vortexdev.com\/fr\/informations-pour-les-parents\/conseil-detablissement\/","title":{"rendered":"Conseil d\u2019\u00e9tablissement"},"content":{"rendered":"\n<p>Le conseil d\u2019\u00e9tablissement de l\u2019\u00e9cole primaire de Saint-Ad\u00e8le est compos\u00e9 d\u2019enseignants, de parents, de membres du personnel de soutien, de membres de la communaut\u00e9 et du directeur de l\u2019\u00e9cole.&nbsp; Nous nous r\u00e9unissons r\u00e9guli\u00e8rement pour discuter de sujets \u00e9ducatifs li\u00e9s \u00e0 l\u2019organisation g\u00e9n\u00e9rale et au fonctionnement de l\u2019\u00e9cole.&nbsp; Chaque r\u00e9union donne le temps d\u2019une p\u00e9riode de questions g\u00e9n\u00e9rales.&nbsp; Toute personne de la communaut\u00e9 scolaire de Ste-Ad\u00e8le est invit\u00e9e \u00e0 apporter ses pr\u00e9occupations et ses questions \u00e0 nos r\u00e9unions.<\/p>\n\n\n\n<h2 class=\"wp-block-heading\">Pour l\u2019ann\u00e9e scolaire 2023-2024, notre conseil d\u2019\u00e9tablissement\u00a0:<\/h2>\n\n\n\n<ul>\n<li>Directeur &#8211; Luc G\u00e9linas<\/li>\n\n\n\n<li>Copr\u00e9sident, Parent &#8211; David Harper<\/li>\n\n\n\n<li>Copr\u00e9sidente, Parent &#8211; Sarah Blais<\/li>\n\n\n\n<li>Secr\u00e9taire, parent &#8211; Sarah C\u00f4t\u00e9<\/li>\n\n\n\n<li>Parent &#8211; Vanessa Durocher<\/li>\n\n\n\n<li>Parent &#8211; Cynthia L-Sanders<\/li>\n\n\n\n<li>Parent &#8211; Caroline Mera<\/li>\n\n\n\n<li>Parent &#8211; Stephanie Belcourt (substitut)<\/li>\n\n\n\n<li>Enseignante &#8211; Natalie Losier<\/li>\n\n\n\n<li>Enseignante &#8211; Amanda Reynolds Hamelin<\/li>\n\n\n\n<li>Personnel de soutien &#8211; Garderie &#8211; Manon Provost<\/li>\n\n\n\n<li>Personnel de soutien &#8211; Natalie Gould<\/li>\n\n\n\n<li>Personnel de soutien &#8211; Kabe Maynard Lizotte<\/li>\n<\/ul>\n","protected":false},"excerpt":{"rendered":"<p>Le conseil d\u2019\u00e9tablissement de l\u2019\u00e9cole primaire de Saint-Ad\u00e8le est compos\u00e9 d\u2019enseignants, de parents, de membres du personnel de soutien, de membres de la communaut\u00e9 et du directeur de l\u2019\u00e9cole.&nbsp; Nous nous r\u00e9unissons r\u00e9guli\u00e8rement pour discuter de sujets \u00e9ducatifs li\u00e9s \u00e0 l\u2019organisation g\u00e9n\u00e9rale et au fonctionnement de l\u2019\u00e9cole.&nbsp; Chaque r\u00e9union donne le temps d\u2019une p\u00e9riode de&hellip;<\/p>\n","protected":false},"author":1,"featured_media":0,"parent":174,"menu_order":0,"comment_status":"closed","ping_status":"closed","template":"","meta":{"_acf_changed":false,"_relevanssi_hide_post":"","_relevanssi_hide_content":"","_relevanssi_pin_for_all":"","_relevanssi_pin_keywords":"","_relevanssi_unpin_keywords":"","_relevanssi_related_keywords":"","_relevanssi_related_include_ids":"","_relevanssi_related_exclude_ids":"","_relevanssi_related_no_append":"","_relevanssi_related_not_related":"","_relevanssi_related_posts":"","_relevanssi_noindex_reason":"","footnotes":""},"acf":[],"_links":{"self":[{"href":"https:\/\/steadele.swlauriersb.vortexdev.com\/fr\/wp-json\/wp\/v2\/pages\/168"}],"collection":[{"href":"https:\/\/steadele.swlauriersb.vortexdev.com\/fr\/wp-json\/wp\/v2\/pages"}],"about":[{"href":"https:\/\/steadele.swlauriersb.vortexdev.com\/fr\/wp-json\/wp\/v2\/types\/page"}],"author":[{"embeddable":true,"href":"https:\/\/steadele.swlauriersb.vortexdev.com\/fr\/wp-json\/wp\/v2\/users\/1"}],"replies":[{"embeddable":true,"href":"https:\/\/steadele.swlauriersb.vortexdev.com\/fr\/wp-json\/wp\/v2\/comments?post=168"}],"version-history":[{"count":2,"href":"https:\/\/steadele.swlauriersb.vortexdev.com\/fr\/wp-json\/wp\/v2\/pages\/168\/revisions"}],"predecessor-version":[{"id":371,"href":"https:\/\/steadele.swlauriersb.vortexdev.com\/fr\/wp-json\/wp\/v2\/pages\/168\/revisions\/371"}],"up":[{"embeddable":true,"href":"https:\/\/steadele.swlauriersb.vortexdev.com\/fr\/wp-json\/wp\/v2\/pages\/174"}],"wp:attachment":[{"href":"https:\/\/steadele.swlauriersb.vortexdev.com\/fr\/wp-json\/wp\/v2\/media?parent=168"}],"curies":[{"name":"wp","href":"https:\/\/api.w.org\/{rel}","templated":true}]}}