{"id":167,"date":"2024-05-08T14:29:05","date_gmt":"2024-05-08T18:29:05","guid":{"rendered":"https:\/\/steadele.swlauriersb.vortexdev.com\/school-fees\/"},"modified":"2024-05-30T10:36:13","modified_gmt":"2024-05-30T14:36:13","slug":"frais-scolaires","status":"publish","type":"page","link":"https:\/\/steadele.swlauriersb.vortexdev.com\/fr\/informations-pour-les-parents\/frais-scolaires\/","title":{"rendered":"Frais scolaires"},"content":{"rendered":"\n<p>Alors que nous entamons une nouvelle ann\u00e9e acad\u00e9mique remplie d\u2019excitation et de possibilit\u00e9s, nous voulons prendre un moment pour exprimer notre gratitude pour votre soutien continu. Le bon fonctionnement de notre \u00e9cole repose sur divers facteurs, et un \u00e9l\u00e9ment crucial est votre paiement en temps opportun des frais scolaires.<\/p>\n\n\n\n<p>Les frais scolaires jouent un r\u00f4le essentiel pour assurer le bon fonctionnement de nos programmes \u00e9ducatifs, maintenir l\u2019infrastructure scolaire et fournir un environnement d\u2019apprentissage propice \u00e0 votre enfant. Votre engagement \u00e0 soumettre les frais \u00e0 temps contribue grandement au bien-\u00eatre g\u00e9n\u00e9ral de notre communaut\u00e9 scolaire.<\/p>\n\n\n\n<p>Pour rendre le processus de paiement des frais plus pratique pour vous, nous encourageons les paiements en ligne via notre portail s\u00e9curis\u00e9. Des instructions d\u00e9taill\u00e9es pour les paiements en ligne peuvent \u00eatre trouv\u00e9es sur notre site Web sous la section &#8220;Paiement des frais&#8221;. Cette approche simplifi\u00e9e simplifie non seulement le processus de paiement, mais nous aide \u00e9galement \u00e0 affecter les ressources efficacement.<\/p>\n\n\n\n<p>Votre coop\u00e9ration et votre respect du calendrier de paiement des frais sont tr\u00e8s appr\u00e9ci\u00e9s. Si vous avez des questions ou si vous avez besoin d\u2019aide, notre \u00e9quipe administrative est \u00e0 votre disposition.<\/p>\n\n\n\n<p>Merci de faire partie int\u00e9grante de la famille SAES. Ensemble, faisons de cette ann\u00e9e acad\u00e9mique un succ\u00e8s retentissant.<\/p>\n\n\n\n<div class=\"wp-block-buttons is-layout-flex wp-block-buttons-is-layout-flex\">\n<div class=\"wp-block-button is-style-text-link-pdf\"><a class=\"wp-block-button__link wp-element-button\" href=\"http:\/\/steadele.swlauriersb.vortexdev.com\/wp-content\/uploads\/sites\/30\/2024\/05\/SAES_school_fees_Online_Payments_FR_Effets_Scolaire.pdf\" target=\"_blank\" rel=\"noreferrer noopener\">Online_Payments_FR_Effets_Scolaire<i class=\"icon-pdf\"><\/i><\/a><\/div>\n<\/div>\n","protected":false},"excerpt":{"rendered":"<p>Alors que nous entamons une nouvelle ann\u00e9e acad\u00e9mique remplie d\u2019excitation et de possibilit\u00e9s, nous voulons prendre un moment pour exprimer notre gratitude pour votre soutien continu. Le bon fonctionnement de notre \u00e9cole repose sur divers facteurs, et un \u00e9l\u00e9ment crucial est votre paiement en temps opportun des frais scolaires. Les frais scolaires jouent un r\u00f4le&hellip;<\/p>\n","protected":false},"author":1,"featured_media":0,"parent":174,"menu_order":0,"comment_status":"closed","ping_status":"closed","template":"","meta":{"_acf_changed":false,"_relevanssi_hide_post":"","_relevanssi_hide_content":"","_relevanssi_pin_for_all":"","_relevanssi_pin_keywords":"","_relevanssi_unpin_keywords":"","_relevanssi_related_keywords":"","_relevanssi_related_include_ids":"","_relevanssi_related_exclude_ids":"","_relevanssi_related_no_append":"","_relevanssi_related_not_related":"","_relevanssi_related_posts":"","_relevanssi_noindex_reason":"","footnotes":""},"acf":[],"_links":{"self":[{"href":"https:\/\/steadele.swlauriersb.vortexdev.com\/fr\/wp-json\/wp\/v2\/pages\/167"}],"collection":[{"href":"https:\/\/steadele.swlauriersb.vortexdev.com\/fr\/wp-json\/wp\/v2\/pages"}],"about":[{"href":"https:\/\/steadele.swlauriersb.vortexdev.com\/fr\/wp-json\/wp\/v2\/types\/page"}],"author":[{"embeddable":true,"href":"https:\/\/steadele.swlauriersb.vortexdev.com\/fr\/wp-json\/wp\/v2\/users\/1"}],"replies":[{"embeddable":true,"href":"https:\/\/steadele.swlauriersb.vortexdev.com\/fr\/wp-json\/wp\/v2\/comments?post=167"}],"version-history":[{"count":2,"href":"https:\/\/steadele.swlauriersb.vortexdev.com\/fr\/wp-json\/wp\/v2\/pages\/167\/revisions"}],"predecessor-version":[{"id":379,"href":"https:\/\/steadele.swlauriersb.vortexdev.com\/fr\/wp-json\/wp\/v2\/pages\/167\/revisions\/379"}],"up":[{"embeddable":true,"href":"https:\/\/steadele.swlauriersb.vortexdev.com\/fr\/wp-json\/wp\/v2\/pages\/174"}],"wp:attachment":[{"href":"https:\/\/steadele.swlauriersb.vortexdev.com\/fr\/wp-json\/wp\/v2\/media?parent=167"}],"curies":[{"name":"wp","href":"https:\/\/api.w.org\/{rel}","templated":true}]}}