{"id":164,"date":"2024-05-08T14:31:16","date_gmt":"2024-05-08T18:31:16","guid":{"rendered":"https:\/\/steadele.swlauriersb.vortexdev.com\/day-care-services\/"},"modified":"2024-05-30T10:38:21","modified_gmt":"2024-05-30T14:38:21","slug":"services-de-garde","status":"publish","type":"page","link":"https:\/\/steadele.swlauriersb.vortexdev.com\/fr\/services\/services-de-garde\/","title":{"rendered":"Services de garde"},"content":{"rendered":"\n<p>D\u00e9couvrez la tranquillit\u00e9 d\u2019esprit avec nos services de garde exceptionnels adapt\u00e9s \u00e0 nos \u00e9l\u00e8ves du primaire. Chez SAES, nous comprenons l\u2019importance d\u2019un environnement s\u00e9curitaire et stimulant pour votre enfant au-del\u00e0 des heures normales d\u2019\u00e9cole. Notre programme de garderie offre une extension structur\u00e9e et engageante \u00e0 la journ\u00e9e scolaire, offrant un \u00e9quilibre entre le jeu, le soutien aux devoirs et des activit\u00e9s enrichissantes.<\/p>\n\n\n\n<p>Notre personnel d\u00e9vou\u00e9 s\u2019engage \u00e0 cr\u00e9er une atmosph\u00e8re chaleureuse et accueillante o\u00f9 votre enfant peut s\u2019\u00e9panouir. De la r\u00e9cr\u00e9ation supervis\u00e9e \u00e0 l\u2019aide aux devoirs, nous priorisons le bien-\u00eatre et le d\u00e9veloppement de chaque enfant.<\/p>\n\n\n\n<p>L\u2019inscription \u00e0 nos services de garde est maintenant ouverte! R\u00e9servez la place de votre enfant en remplissant le formulaire d\u2019inscription ci-dessous. Ne manquez pas cette occasion pr\u00e9cieuse d\u2019assurer la croissance continue de votre enfant dans un milieu bienveillant et solidaire.<\/p>\n\n\n\n<p>Joignez-vous \u00e0 nous pour offrir \u00e0 votre enfant une exp\u00e9rience d\u2019apprentissage \u00e9tendue qui va au-del\u00e0 de la salle de classe. Nous avons h\u00e2te d\u2019accueillir vos tout-petits \u00e0 notre programme de garderie avant et apr\u00e8s l\u2019\u00e9cole \u00e0 SAES.<\/p>\n\n\n\n<p>Pour toute question, veuillez communiquer avec Manon Provost de l\u2019\u00e9cole.<\/p>\n","protected":false},"excerpt":{"rendered":"<p>D\u00e9couvrez la tranquillit\u00e9 d\u2019esprit avec nos services de garde exceptionnels adapt\u00e9s \u00e0 nos \u00e9l\u00e8ves du primaire. Chez SAES, nous comprenons l\u2019importance d\u2019un environnement s\u00e9curitaire et stimulant pour votre enfant au-del\u00e0 des heures normales d\u2019\u00e9cole. Notre programme de garderie offre une extension structur\u00e9e et engageante \u00e0 la journ\u00e9e scolaire, offrant un \u00e9quilibre entre le jeu, le&hellip;<\/p>\n","protected":false},"author":1,"featured_media":0,"parent":165,"menu_order":0,"comment_status":"closed","ping_status":"closed","template":"","meta":{"_acf_changed":false,"_relevanssi_hide_post":"","_relevanssi_hide_content":"","_relevanssi_pin_for_all":"","_relevanssi_pin_keywords":"","_relevanssi_unpin_keywords":"","_relevanssi_related_keywords":"","_relevanssi_related_include_ids":"","_relevanssi_related_exclude_ids":"","_relevanssi_related_no_append":"","_relevanssi_related_not_related":"","_relevanssi_related_posts":"","_relevanssi_noindex_reason":"","footnotes":""},"acf":[],"_links":{"self":[{"href":"https:\/\/steadele.swlauriersb.vortexdev.com\/fr\/wp-json\/wp\/v2\/pages\/164"}],"collection":[{"href":"https:\/\/steadele.swlauriersb.vortexdev.com\/fr\/wp-json\/wp\/v2\/pages"}],"about":[{"href":"https:\/\/steadele.swlauriersb.vortexdev.com\/fr\/wp-json\/wp\/v2\/types\/page"}],"author":[{"embeddable":true,"href":"https:\/\/steadele.swlauriersb.vortexdev.com\/fr\/wp-json\/wp\/v2\/users\/1"}],"replies":[{"embeddable":true,"href":"https:\/\/steadele.swlauriersb.vortexdev.com\/fr\/wp-json\/wp\/v2\/comments?post=164"}],"version-history":[{"count":2,"href":"https:\/\/steadele.swlauriersb.vortexdev.com\/fr\/wp-json\/wp\/v2\/pages\/164\/revisions"}],"predecessor-version":[{"id":384,"href":"https:\/\/steadele.swlauriersb.vortexdev.com\/fr\/wp-json\/wp\/v2\/pages\/164\/revisions\/384"}],"up":[{"embeddable":true,"href":"https:\/\/steadele.swlauriersb.vortexdev.com\/fr\/wp-json\/wp\/v2\/pages\/165"}],"wp:attachment":[{"href":"https:\/\/steadele.swlauriersb.vortexdev.com\/fr\/wp-json\/wp\/v2\/media?parent=164"}],"curies":[{"name":"wp","href":"https:\/\/api.w.org\/{rel}","templated":true}]}}